{"id":4337,"date":"2020-01-19T17:27:57","date_gmt":"2020-01-19T16:27:57","guid":{"rendered":"https:\/\/whitecane.de\/imprint\/"},"modified":"2024-09-27T10:42:33","modified_gmt":"2024-09-27T08:42:33","slug":"imprint","status":"publish","type":"page","link":"https:\/\/whitecane.com\/en\/imprint\/","title":{"rendered":"Imprint"},"content":{"rendered":"<p><strong>Imprint<\/strong><\/p>\n<p>Mosler Stuntebeck M\u00fcller GbR<br \/>\nGewerbepark Euzenberg 4<br \/>\n37115 Duderstadt, Germany<br \/>\nGermany<\/p>\n<p>Shareholders: Dr. L\u00fcder Mosler, Tobias Stuntebeck, Dr. Andr\u00e9 M\u00fcller<\/p>\n<p>Phone number: +49 15678 322200<br \/>\nE-mail address: <a href=\"mailto:of****@*******ne.com\" data-original-string=\"Z8FFjAA7w0BalSz7EdiN5A==cc2fNjwwJ\/+hRmMMtPmSK4FBwi7BCv22AB\/rizRVmZvI+Q=\" title=\"This contact has been encoded by Anti-Spam by CleanTalk. Click to decode. To finish the decoding make sure that JavaScript is enabled in your browser.\"><span \n                data-original-string='Iy5\/pv8ansyue9Kq4Fs4\/g==cc2Iwo9UKpmh6cqFeSfmVwT73hHGP\/HkFjC3S0ul83hJQU='\n                class='apbct-email-encoder'\n                title='This contact has been encoded by Anti-Spam by CleanTalk. Click to decode. To finish the decoding make sure that JavaScript is enabled in your browser.'>of<span class=\"apbct-blur\">****<\/span>@<span class=\"apbct-blur\">*******<\/span>ne.com<\/span><\/a><\/p>\n<p>Sales tax identification number: DE 300768181<\/p>\n<p>Responsible for content: Dr. L\u00fcder Mosler, Tobias Stuntebeck, Dr. Andr\u00e9 M\u00fcller, address as above.<\/p>\n<p>Platform of the European Commission for online dispute resolution (OS) for consumers: <a href=\"https:\/\/ec.europa.eu\/consumers\/odr\/\">https:\/\/ec.europa.eu\/consumers\/odr\/<\/a>. We are not willing and not obliged to participate in a dispute resolution procedure before a consumer arbitration board.<\/p>\n","protected":false},"excerpt":{"rendered":"<p>Imprint Mosler Stuntebeck M\u00fcller GbR Gewerbepark Euzenberg 4 37115 Duderstadt, Germany Germany Shareholders: Dr. L\u00fcder Mosler, Tobias Stuntebeck, Dr. Andr\u00e9 M\u00fcller Phone number: +49 15678 322200 E-mail address: of****@*******ne.com Sales tax identification number: DE 300768181 Responsible for content: Dr. L\u00fcder Mosler, Tobias Stuntebeck, Dr. Andr\u00e9 M\u00fcller, address as above. Platform of the European Commission for [&#8230;]<\/p>\n","protected":false},"author":1,"featured_media":0,"parent":0,"menu_order":0,"comment_status":"closed","ping_status":"closed","template":"","meta":{"footnotes":""},"class_list":["post-4337","page","type-page","status-publish","hentry"],"yoast_head":"<!-- This site is optimized with the Yoast SEO plugin v27.1.1 - https:\/\/yoast.com\/product\/yoast-seo-wordpress\/ -->\n<title>Imprint - whitecane.<\/title>\n<meta name=\"robots\" content=\"index, follow, max-snippet:-1, max-image-preview:large, max-video-preview:-1\" \/>\n<link rel=\"canonical\" href=\"https:\/\/whitecane.com\/en\/imprint\/\" \/>\n<meta property=\"og:locale\" content=\"en_US\" \/>\n<meta property=\"og:type\" content=\"article\" \/>\n<meta property=\"og:title\" content=\"Imprint - whitecane.\" \/>\n<meta property=\"og:description\" content=\"Imprint Mosler Stuntebeck M\u00fcller GbR Gewerbepark Euzenberg 4 37115 Duderstadt, Germany Germany Shareholders: Dr. L\u00fcder Mosler, Tobias Stuntebeck, Dr. Andr\u00e9 M\u00fcller Phone number: +49 15678 322200 E-mail address: of****@*******ne.com Sales tax identification number: DE 300768181 Responsible for content: Dr. L\u00fcder Mosler, Tobias Stuntebeck, Dr. Andr\u00e9 M\u00fcller, address as above. Platform of the European Commission for [...]\" \/>\n<meta property=\"og:url\" content=\"https:\/\/whitecane.com\/en\/imprint\/\" \/>\n<meta property=\"og:site_name\" content=\"whitecane.\" \/>\n<meta property=\"article:publisher\" content=\"https:\/\/www.facebook.com\/whitecane.de\" \/>\n<meta property=\"article:modified_time\" content=\"2024-09-27T08:42:33+00:00\" \/>\n<meta name=\"twitter:card\" content=\"summary_large_image\" \/>\n<meta name=\"twitter:label1\" content=\"Est. reading time\" \/>\n\t<meta name=\"twitter:data1\" content=\"1 minute\" \/>\n<script type=\"application\/ld+json\" class=\"yoast-schema-graph\">{\"@context\":\"https:\/\/schema.org\",\"@graph\":[{\"@type\":\"WebPage\",\"@id\":\"https:\/\/whitecane.com\/en\/imprint\/\",\"url\":\"https:\/\/whitecane.com\/en\/imprint\/\",\"name\":\"Imprint - whitecane.\",\"isPartOf\":{\"@id\":\"https:\/\/whitecane.com\/#website\"},\"datePublished\":\"2020-01-19T16:27:57+00:00\",\"dateModified\":\"2024-09-27T08:42:33+00:00\",\"breadcrumb\":{\"@id\":\"https:\/\/whitecane.com\/en\/imprint\/#breadcrumb\"},\"inLanguage\":\"en-US\",\"potentialAction\":[{\"@type\":\"ReadAction\",\"target\":[\"https:\/\/whitecane.com\/en\/imprint\/\"]}]},{\"@type\":\"BreadcrumbList\",\"@id\":\"https:\/\/whitecane.com\/en\/imprint\/#breadcrumb\",\"itemListElement\":[{\"@type\":\"ListItem\",\"position\":1,\"name\":\"Startseite\",\"item\":\"https:\/\/whitecane.com\/?lang=en\"},{\"@type\":\"ListItem\",\"position\":2,\"name\":\"Imprint\"}]},{\"@type\":\"WebSite\",\"@id\":\"https:\/\/whitecane.com\/#website\",\"url\":\"https:\/\/whitecane.com\/\",\"name\":\"whitecane.com\",\"description\":\"Medical Technology | whitecane. | Duderstadt\",\"publisher\":{\"@id\":\"https:\/\/whitecane.com\/#organization\"},\"alternateName\":\"whitecane. \u2013 hochwertige, technisch durchdachte Medizinprodukte f\u00fcr sehbeeintr\u00e4chtigte Menschen\",\"potentialAction\":[{\"@type\":\"SearchAction\",\"target\":{\"@type\":\"EntryPoint\",\"urlTemplate\":\"https:\/\/whitecane.com\/?s={search_term_string}\"},\"query-input\":{\"@type\":\"PropertyValueSpecification\",\"valueRequired\":true,\"valueName\":\"search_term_string\"}}],\"inLanguage\":\"en-US\"},{\"@type\":\"Organization\",\"@id\":\"https:\/\/whitecane.com\/#organization\",\"name\":\"whitecane. Mosler Stuntebeck M\u00fcller GbR\",\"url\":\"https:\/\/whitecane.com\/\",\"logo\":{\"@type\":\"ImageObject\",\"inLanguage\":\"en-US\",\"@id\":\"https:\/\/whitecane.com\/#\/schema\/logo\/image\/\",\"url\":\"https:\/\/whitecane.com\/wp-content\/uploads\/2023\/09\/whitecane_Logo.svg\",\"contentUrl\":\"https:\/\/whitecane.com\/wp-content\/uploads\/2023\/09\/whitecane_Logo.svg\",\"width\":928,\"height\":135,\"caption\":\"whitecane. Mosler Stuntebeck M\u00fcller GbR\"},\"image\":{\"@id\":\"https:\/\/whitecane.com\/#\/schema\/logo\/image\/\"},\"sameAs\":[\"https:\/\/www.facebook.com\/whitecane.de\"]}]}<\/script>\n<!-- \/ Yoast SEO plugin. -->","yoast_head_json":{"title":"Imprint - whitecane.","robots":{"index":"index","follow":"follow","max-snippet":"max-snippet:-1","max-image-preview":"max-image-preview:large","max-video-preview":"max-video-preview:-1"},"canonical":"https:\/\/whitecane.com\/en\/imprint\/","og_locale":"en_US","og_type":"article","og_title":"Imprint - whitecane.","og_description":"Imprint Mosler Stuntebeck M\u00fcller GbR Gewerbepark Euzenberg 4 37115 Duderstadt, Germany Germany Shareholders: Dr. L\u00fcder Mosler, Tobias Stuntebeck, Dr. Andr\u00e9 M\u00fcller Phone number: +49 15678 322200 E-mail address: of****@*******ne.com Sales tax identification number: DE 300768181 Responsible for content: Dr. L\u00fcder Mosler, Tobias Stuntebeck, Dr. Andr\u00e9 M\u00fcller, address as above. Platform of the European Commission for [...]","og_url":"https:\/\/whitecane.com\/en\/imprint\/","og_site_name":"whitecane.","article_publisher":"https:\/\/www.facebook.com\/whitecane.de","article_modified_time":"2024-09-27T08:42:33+00:00","twitter_card":"summary_large_image","twitter_misc":{"Est. reading time":"1 minute"},"schema":{"@context":"https:\/\/schema.org","@graph":[{"@type":"WebPage","@id":"https:\/\/whitecane.com\/en\/imprint\/","url":"https:\/\/whitecane.com\/en\/imprint\/","name":"Imprint - whitecane.","isPartOf":{"@id":"https:\/\/whitecane.com\/#website"},"datePublished":"2020-01-19T16:27:57+00:00","dateModified":"2024-09-27T08:42:33+00:00","breadcrumb":{"@id":"https:\/\/whitecane.com\/en\/imprint\/#breadcrumb"},"inLanguage":"en-US","potentialAction":[{"@type":"ReadAction","target":["https:\/\/whitecane.com\/en\/imprint\/"]}]},{"@type":"BreadcrumbList","@id":"https:\/\/whitecane.com\/en\/imprint\/#breadcrumb","itemListElement":[{"@type":"ListItem","position":1,"name":"Startseite","item":"https:\/\/whitecane.com\/?lang=en"},{"@type":"ListItem","position":2,"name":"Imprint"}]},{"@type":"WebSite","@id":"https:\/\/whitecane.com\/#website","url":"https:\/\/whitecane.com\/","name":"whitecane.com","description":"Medical Technology | whitecane. | Duderstadt","publisher":{"@id":"https:\/\/whitecane.com\/#organization"},"alternateName":"whitecane. \u2013 hochwertige, technisch durchdachte Medizinprodukte f\u00fcr sehbeeintr\u00e4chtigte Menschen","potentialAction":[{"@type":"SearchAction","target":{"@type":"EntryPoint","urlTemplate":"https:\/\/whitecane.com\/?s={search_term_string}"},"query-input":{"@type":"PropertyValueSpecification","valueRequired":true,"valueName":"search_term_string"}}],"inLanguage":"en-US"},{"@type":"Organization","@id":"https:\/\/whitecane.com\/#organization","name":"whitecane. Mosler Stuntebeck M\u00fcller GbR","url":"https:\/\/whitecane.com\/","logo":{"@type":"ImageObject","inLanguage":"en-US","@id":"https:\/\/whitecane.com\/#\/schema\/logo\/image\/","url":"https:\/\/whitecane.com\/wp-content\/uploads\/2023\/09\/whitecane_Logo.svg","contentUrl":"https:\/\/whitecane.com\/wp-content\/uploads\/2023\/09\/whitecane_Logo.svg","width":928,"height":135,"caption":"whitecane. Mosler Stuntebeck M\u00fcller GbR"},"image":{"@id":"https:\/\/whitecane.com\/#\/schema\/logo\/image\/"},"sameAs":["https:\/\/www.facebook.com\/whitecane.de"]}]}},"_links":{"self":[{"href":"https:\/\/whitecane.com\/en\/wp-json\/wp\/v2\/pages\/4337","targetHints":{"allow":["GET"]}}],"collection":[{"href":"https:\/\/whitecane.com\/en\/wp-json\/wp\/v2\/pages"}],"about":[{"href":"https:\/\/whitecane.com\/en\/wp-json\/wp\/v2\/types\/page"}],"author":[{"embeddable":true,"href":"https:\/\/whitecane.com\/en\/wp-json\/wp\/v2\/users\/1"}],"replies":[{"embeddable":true,"href":"https:\/\/whitecane.com\/en\/wp-json\/wp\/v2\/comments?post=4337"}],"version-history":[{"count":5,"href":"https:\/\/whitecane.com\/en\/wp-json\/wp\/v2\/pages\/4337\/revisions"}],"predecessor-version":[{"id":6260,"href":"https:\/\/whitecane.com\/en\/wp-json\/wp\/v2\/pages\/4337\/revisions\/6260"}],"wp:attachment":[{"href":"https:\/\/whitecane.com\/en\/wp-json\/wp\/v2\/media?parent=4337"}],"curies":[{"name":"wp","href":"https:\/\/api.w.org\/{rel}","templated":true}]}}